{"id":39690,"date":"2020-03-14T11:08:55","date_gmt":"2020-03-14T10:08:55","guid":{"rendered":"https:\/\/www.tus.si\/drogerija\/?page_id=39690"},"modified":"2020-05-19T08:37:10","modified_gmt":"2020-05-19T06:37:10","slug":"tu-smo-za-vas","status":"publish","type":"page","link":"https:\/\/www.tus.si\/drogerija\/tu-smo-za-vas\/","title":{"rendered":"Tu smo za vas!"},"content":{"rendered":"<div class=\"vce-row-container\"><div class=\"vce-row vce-row--col-gap-30 vce-row-columns--top vce-row-content--top\" id=\"el-1a2f61f7\" data-vce-do-apply=\"all el-1a2f61f7\"><div class=\"vce-row-content\" data-vce-element-content=\"true\"><div class=\"vce-col vce-col--md-auto vce-col--xs-1 vce-col--xs-last vce-col--xs-first vce-col--sm-last vce-col--sm-first vce-col--md-last vce-col--lg-last vce-col--xl-last vce-col--md-first vce-col--lg-first vce-col--xl-first\" id=\"el-ecd3d7cf\"><div class=\"vce-col-inner\" data-vce-do-apply=\"border margin background  el-ecd3d7cf\"><div class=\"vce-col-content\" data-vce-element-content=\"true\" data-vce-do-apply=\"padding el-ecd3d7cf\"><div class=\"vce-single-image-container vce-single-image--align-left\"><div class=\"vce vce-single-image-wrapper\" id=\"el-601c5d8e\" data-vce-do-apply=\"all el-601c5d8e\"><figure><div class=\"vce-single-image-inner vce-single-image--absolute\" style=\"padding-bottom: 16.6667%; width: 1200px;\"><img class=\"vce-single-image\" src=\"https:\/\/www.tus.si\/app\/uploads\/sites\/4\/2020\/03\/Td-srcek-1200x200-1.jpg\" data-img-src=\"https:\/\/www.tus.si\/app\/uploads\/sites\/4\/2020\/03\/Td-srcek-1200x200-1.jpg\" alt=\"\" title=\"Td-srcek-1200x200\"><\/div><\/figure><\/div><\/div><\/div><\/div><\/div><\/div><\/div><\/div><div class=\"vce-row-container\"><div class=\"vce-row vce-row--col-gap-30 vce-row-columns--top vce-row-content--top\" id=\"el-5a66095c\" data-vce-do-apply=\"all el-5a66095c\"><div class=\"vce-row-content\" data-vce-element-content=\"true\"><div class=\"vce-col vce-col--md-auto vce-col--xs-1 vce-col--xs-last vce-col--xs-first vce-col--sm-last vce-col--sm-first vce-col--md-last vce-col--lg-last vce-col--xl-last vce-col--md-first vce-col--lg-first vce-col--xl-first\" id=\"el-dcd84ff7\"><div class=\"vce-col-inner\" data-vce-do-apply=\"border margin background  el-dcd84ff7\"><div class=\"vce-col-content\" data-vce-element-content=\"true\" data-vce-do-apply=\"padding el-dcd84ff7\"><div class=\"vce-text-block\"><div class=\"vce-text-block-wrapper vce\" id=\"el-8e1515c1\" data-vce-do-apply=\"all el-8e1515c1\"><h3>Spo\u0161tovani kupci,&nbsp;<\/h3>\n<p><span style=\"color: #222222; font-family: Arial, Helvetica, sans-serif; font-size: 12pt;\">Tu\u0161 drogerije se trudimo, da vam tudi v teh trenutkih stojimo ob strani in se vam zahvaljujemo za vso izkazano zaupanje, skrb in potrpe\u017eljivost.<\/span><\/p>\n<div style=\"color: #222222; font-family: Arial, Helvetica, sans-serif; font-size: small;\"><span style=\"font-size: 12pt;\">&nbsp;<\/span><\/div>\n<div style=\"color: #222222; font-family: Arial, Helvetica, sans-serif; font-size: small;\"><span style=\"font-size: 12pt;\">Hkrati pa vam sporo\u010damo, da bodo na\u0161e drogerije do nadaljnjega delovale po spremenjenih delovnih \u010dasih, ki so navedeni spodaj.&nbsp;<\/span><\/div>\n<div style=\"color: #222222; font-family: Arial, Helvetica, sans-serif; font-size: small;\"><span style=\"font-size: 12pt;\">&nbsp;<\/span><\/div>\n<div style=\"color: #222222; font-family: Arial, Helvetica, sans-serif; font-size: small;\"><span style=\"font-size: 12pt;\">Pazite nase.<\/span><\/div>\n<p><span style=\"font-size: 16px;\">&nbsp;<\/span><\/p>\n<p><span style=\"font-size: 16px;\">Va\u0161a Tu\u0161 drogerija<\/span><\/p><\/div><\/div><div class=\"vce-text-block\"><div class=\"vce-text-block-wrapper vce\" id=\"el-9fe57e32\" data-vce-do-apply=\"all el-9fe57e32\"><\/div><\/div><\/div><\/div><\/div><\/div><\/div><\/div><div class=\"vce-row-container\"><div class=\"vce-row vce-row--col-gap-30 vce-row-columns--top vce-row-content--top\" id=\"el-5d7d04ef\" data-vce-do-apply=\"all el-5d7d04ef\"><div class=\"vce-row-content\" data-vce-element-content=\"true\"><div class=\"vce-col vce-col--md-auto vce-col--xs-1 vce-col--xs-last vce-col--xs-first vce-col--sm-last vce-col--sm-first vce-col--md-last vce-col--lg-last vce-col--xl-last vce-col--md-first vce-col--lg-first vce-col--xl-first\" id=\"el-c0405372\"><div class=\"vce-col-inner\" data-vce-do-apply=\"border margin background  el-c0405372\"><div class=\"vce-col-content\" data-vce-element-content=\"true\" data-vce-do-apply=\"padding el-c0405372\"><div class=\"vce-text-block\"><div class=\"vce-text-block-wrapper vce\" id=\"el-ca8f0833\" data-vce-do-apply=\"all el-ca8f0833\"><h2 style=\"margin-bottom: 0.79cm;\"><span style=\"display: inline-block; border: none; padding: 0cm;\">Spremenjeni delovni \u010dasi Tu\u0161 drogerij<\/span><\/h2>\n<p style=\"margin-bottom: 0.79cm; font-variant-numeric: normal; font-variant-east-asian: normal; font-weight: normal;\"><span style=\"display: inline-block; border: none; padding: 0cm; font-size: 12pt;\"><span style=\"font-family: Roboto, sans-serif;\"><span style=\"background-image: initial; background-position: initial; background-size: initial; background-repeat: initial; background-attachment: initial; background-origin: initial; background-clip: initial;\"><span style=\"color: #000000;\">S<\/span><\/span><\/span>podnji delovni \u010das<span style=\"font-family: Roboto, sans-serif;\"><span style=\"background-image: initial; background-position: initial; background-size: initial; background-repeat: initial; background-attachment: initial; background-origin: initial; background-clip: initial;\"><span style=\"color: #000000;\"> veljajo od 18. 5., od ponedeljka do vklju\u010dno sobote. Ob&nbsp; <\/span><\/span><\/span><\/span><span style=\"font-size: 12pt;\">nedeljah so vse drogerije do preklica zaprte.<\/span><\/p>\n<p>&nbsp;<\/p>\n<table dir=\"ltr\" border=\"1\" cellspacing=\"0\" cellpadding=\"0\"><colgroup><col width=\"228\"><col width=\"100\"><col width=\"158\"><\/colgroup>\n<tbody>\n<tr>\n<td data-sheets-value=\"{&quot;1&quot;:2,&quot;2&quot;:&quot;naziv PE&quot;}\">POSLOVALNICA<\/td>\n<td data-sheets-value=\"{&quot;1&quot;:2,&quot;2&quot;:&quot;SPREMEMBA DELAVNIKA, ki za\u010dne veljati 18.5.2020&quot;}\">PONEDELJEK-PETEK<\/td>\n<td data-sheets-value=\"{&quot;1&quot;:2,&quot;2&quot;:&quot;sobota od 23.5.2020&quot;}\">SOBOTA<\/td>\n<\/tr>\n<tr>\n<td data-sheets-value=\"{&quot;1&quot;:2,&quot;2&quot;:&quot;Tu\u0161 drogerija Kamnik&quot;}\">Tu\u0161 drogerija Kamnik<\/td>\n<td data-sheets-value=\"{&quot;1&quot;:2,&quot;2&quot;:&quot;08:00-19:30&quot;}\">8:00-19:30<\/td>\n<td data-sheets-value=\"{&quot;1&quot;:2,&quot;2&quot;:&quot;8.00-14.00&quot;}\">8.00-14.00<\/td>\n<\/tr>\n<tr>\n<td data-sheets-value=\"{&quot;1&quot;:2,&quot;2&quot;:&quot;Tu\u0161 drogerija Dom\u017eale&quot;}\">Tu\u0161 drogerija Dom\u017eale<\/td>\n<td data-sheets-value=\"{&quot;1&quot;:2,&quot;2&quot;:&quot;8.00-20.00&quot;}\">8.00-20.00<\/td>\n<td data-sheets-value=\"{&quot;1&quot;:2,&quot;2&quot;:&quot;8.00-20.00&quot;}\">8.00-20.00<\/td>\n<\/tr>\n<tr>\n<td data-sheets-value=\"{&quot;1&quot;:2,&quot;2&quot;:&quot;Tu\u0161 drogerija Tolmin&quot;}\">Tu\u0161 drogerija Tolmin<\/td>\n<td data-sheets-value=\"{&quot;1&quot;:2,&quot;2&quot;:&quot;08.00-20.00&quot;}\">8.00-20.00<\/td>\n<td data-sheets-value=\"{&quot;1&quot;:2,&quot;2&quot;:&quot;8.00-14.00&quot;}\">8.00-14.00<\/td>\n<\/tr>\n<tr>\n<td data-sheets-value=\"{&quot;1&quot;:2,&quot;2&quot;:&quot;Tu\u0161 drogerija Se\u017eana&quot;}\">Tu\u0161 drogerija Se\u017eana<\/td>\n<td data-sheets-value=\"{&quot;1&quot;:2,&quot;2&quot;:&quot;08.00-20.00&quot;}\">8.00-20.00<\/td>\n<td data-sheets-value=\"{&quot;1&quot;:2,&quot;2&quot;:&quot;8.00-14.00&quot;}\">8.00-14.00<\/td>\n<\/tr>\n<tr>\n<td data-sheets-value=\"{&quot;1&quot;:2,&quot;2&quot;:&quot;Tu\u0161 drogerija Idrija&quot;}\">Tu\u0161 drogerija Idrija<\/td>\n<td data-sheets-value=\"{&quot;1&quot;:2,&quot;2&quot;:&quot;08.00-20.00&quot;}\">8.00-20.00<\/td>\n<td data-sheets-value=\"{&quot;1&quot;:2,&quot;2&quot;:&quot;8.00-14.00&quot;}\">8.00-14.00<\/td>\n<\/tr>\n<tr>\n<td data-sheets-value=\"{&quot;1&quot;:2,&quot;2&quot;:&quot;Tu\u0161 drogerija Ljubljana \u0160i\u0161ka&quot;}\">Tu\u0161 drogerija Ljubljana \u0160i\u0161ka<\/td>\n<td data-sheets-value=\"{&quot;1&quot;:2,&quot;2&quot;:&quot;08.00-20.00&quot;}\">8.00-20.00<\/td>\n<td data-sheets-value=\"{&quot;1&quot;:2,&quot;2&quot;:&quot;8.00-14.00&quot;}\">8.00-14.00<\/td>\n<\/tr>\n<tr>\n<td data-sheets-value=\"{&quot;1&quot;:2,&quot;2&quot;:&quot;Tu\u0161 drogerija Vrhnika&quot;}\">Tu\u0161 drogerija Vrhnika<\/td>\n<td data-sheets-value=\"{&quot;1&quot;:2,&quot;2&quot;:&quot;08.00-20.00&quot;}\">8.00-20.00<\/td>\n<td data-sheets-value=\"{&quot;1&quot;:2,&quot;2&quot;:&quot;8.00-14.00&quot;}\">8.00-14.00<\/td>\n<\/tr>\n<tr>\n<td data-sheets-value=\"{&quot;1&quot;:2,&quot;2&quot;:&quot;Tu\u0161 drogerija La\u0161ko&quot;}\">Tu\u0161 drogerija La\u0161ko<\/td>\n<td data-sheets-value=\"{&quot;1&quot;:2,&quot;2&quot;:&quot;08.00-20.00&quot;}\">8.00-20.00<\/td>\n<td data-sheets-value=\"{&quot;1&quot;:2,&quot;2&quot;:&quot;8.00-20.00&quot;}\">8.00-20.00<\/td>\n<\/tr>\n<tr>\n<td data-sheets-value=\"{&quot;1&quot;:2,&quot;2&quot;:&quot;Tu\u0161 drogerija Plava Laguna&quot;}\">Tu\u0161 drogerija Plava Laguna<\/td>\n<td data-sheets-value=\"{&quot;1&quot;:2,&quot;2&quot;:&quot;08.00-19.00&quot;}\">8.00-19.00<\/td>\n<td data-sheets-value=\"{&quot;1&quot;:2,&quot;2&quot;:&quot;8.00-13.00&quot;}\">8.00-13.00<\/td>\n<\/tr>\n<tr>\n<td data-sheets-value=\"{&quot;1&quot;:2,&quot;2&quot;:&quot;Tu\u0161 drogerija Polzela&quot;}\">Tu\u0161 drogerija Polzela<\/td>\n<td data-sheets-value=\"{&quot;1&quot;:2,&quot;2&quot;:&quot;08:00-20:00&quot;}\">8:00-20:00<\/td>\n<td data-sheets-value=\"{&quot;1&quot;:2,&quot;2&quot;:&quot;8.00-13.00&quot;}\">8.00-13.00<\/td>\n<\/tr>\n<tr>\n<td data-sheets-value=\"{&quot;1&quot;:2,&quot;2&quot;:&quot;Tu\u0161 drogerija \u017dalec&quot;}\">Tu\u0161 drogerija \u017dalec<\/td>\n<td data-sheets-value=\"{&quot;1&quot;:2,&quot;2&quot;:&quot;08.00-19.00&quot;}\">08.00-19.00<\/td>\n<td data-sheets-value=\"{&quot;1&quot;:2,&quot;2&quot;:&quot;8.00-13.00&quot;}\">8.00-13.00<\/td>\n<\/tr>\n<tr>\n<td data-sheets-value=\"{&quot;1&quot;:2,&quot;2&quot;:&quot;Tu\u0161 drogerija Planet Koper&quot;}\">Tu\u0161 drogerija Planet Koper<\/td>\n<td data-sheets-value=\"{&quot;1&quot;:2,&quot;2&quot;:&quot;09.00 -21.00&quot;}\">9.00 -21.00<\/td>\n<td data-sheets-value=\"{&quot;1&quot;:2,&quot;2&quot;:&quot;09.00 -21.00&quot;}\">9.00 -21.00<\/td>\n<\/tr>\n<tr>\n<td data-sheets-value=\"{&quot;1&quot;:2,&quot;2&quot;:&quot;Tu\u0161 drogerija Ljubljana BTC&quot;}\">Tu\u0161 drogerija Ljubljana BTC<\/td>\n<td data-sheets-value=\"{&quot;1&quot;:2,&quot;2&quot;:&quot;8.00-20.00&quot;}\">8.00-21.00<\/td>\n<td data-sheets-value=\"{&quot;1&quot;:2,&quot;2&quot;:&quot;8.00-20.00&quot;}\">8.00-21.00<\/td>\n<\/tr>\n<tr>\n<td data-sheets-value=\"{&quot;1&quot;:2,&quot;2&quot;:&quot;Tu\u0161 drogerija Celje-center&quot;}\">Tu\u0161 drogerija Celje-center<\/td>\n<td data-sheets-value=\"{&quot;1&quot;:2,&quot;2&quot;:&quot;8.00-19.00&quot;}\">8.00-19.00<\/td>\n<td data-sheets-value=\"{&quot;1&quot;:2,&quot;2&quot;:&quot;8.00-13.00&quot;}\">8.00-13.00<\/td>\n<\/tr>\n<tr>\n<td data-sheets-value=\"{&quot;1&quot;:2,&quot;2&quot;:&quot;Tu\u0161 drogerija Ko\u010devje&quot;}\">Tu\u0161 drogerija Ko\u010devje<\/td>\n<td data-sheets-value=\"{&quot;1&quot;:2,&quot;2&quot;:&quot;08.00-20.00&quot;}\">8.00-20.00<\/td>\n<td data-sheets-value=\"{&quot;1&quot;:2,&quot;2&quot;:&quot;8.00-17.00&quot;}\">8.00-17.00<\/td>\n<\/tr>\n<tr>\n<td data-sheets-value=\"{&quot;1&quot;:2,&quot;2&quot;:&quot;Tu\u0161 drogerija Celje Planet&quot;}\">Tu\u0161 drogerija Celje Planet<\/td>\n<td data-sheets-value=\"{&quot;1&quot;:2,&quot;2&quot;:&quot;09.00-21.00&quot;}\">9.00-21.00<\/td>\n<td data-sheets-value=\"{&quot;1&quot;:2,&quot;2&quot;:&quot;9.00-21.00&quot;}\">9.00-21.00<\/td>\n<\/tr>\n<tr>\n<td data-sheets-value=\"{&quot;1&quot;:2,&quot;2&quot;:&quot;Tu\u0161 drogerija Ljubljana Ruski car&quot;}\">Tu\u0161 drogerija Ljubljana Ruski car<\/td>\n<td data-sheets-value=\"{&quot;1&quot;:2,&quot;2&quot;:&quot;08.00-20.00&quot;}\">8.00-20.00<\/td>\n<td data-sheets-value=\"{&quot;1&quot;:2,&quot;2&quot;:&quot;8.00-14.00&quot;}\">8.00-14.00<\/td>\n<\/tr>\n<tr>\n<td data-sheets-value=\"{&quot;1&quot;:2,&quot;2&quot;:&quot;Tu\u0161 drogerija Mozirje&quot;}\">Tu\u0161 drogerija Mozirje<\/td>\n<td data-sheets-value=\"{&quot;1&quot;:2,&quot;2&quot;:&quot;8.00-20.00&quot;}\">8.00-20.00<\/td>\n<td data-sheets-value=\"{&quot;1&quot;:2,&quot;2&quot;:&quot;8.00-14.00&quot;}\">8.00-14.00<\/td>\n<\/tr>\n<tr>\n<td data-sheets-value=\"{&quot;1&quot;:2,&quot;2&quot;:&quot;Tu\u0161 drogerija Menge\u0161&quot;}\">Tu\u0161 drogerija Menge\u0161<\/td>\n<td data-sheets-value=\"{&quot;1&quot;:2,&quot;2&quot;:&quot;08.00-20.00&quot;}\">8.00-20.00<\/td>\n<td data-sheets-value=\"{&quot;1&quot;:2,&quot;2&quot;:&quot;8.00-20.00&quot;}\">8.00-20.00<\/td>\n<\/tr>\n<tr>\n<td data-sheets-value=\"{&quot;1&quot;:2,&quot;2&quot;:&quot;Tu\u0161 drogerija Grosuplje&quot;}\">Tu\u0161 drogerija Grosuplje<\/td>\n<td data-sheets-value=\"{&quot;1&quot;:2,&quot;2&quot;:&quot;8.00-20.00&quot;}\">8.00-20.00<\/td>\n<td data-sheets-value=\"{&quot;1&quot;:2,&quot;2&quot;:&quot;8.00-20.00&quot;}\">8.00-20.00<\/td>\n<\/tr>\n<tr>\n<td data-sheets-value=\"{&quot;1&quot;:2,&quot;2&quot;:&quot;Tu\u0161 drogerija Ljubljana Moste&quot;}\">Tu\u0161 drogerija Ljubljana Moste<\/td>\n<td data-sheets-value=\"{&quot;1&quot;:2,&quot;2&quot;:&quot;8.00-20.00&quot;}\">8.00-20.00<\/td>\n<td data-sheets-value=\"{&quot;1&quot;:2,&quot;2&quot;:&quot;8.00-14.00&quot;}\">8.00-14.00<\/td>\n<\/tr>\n<tr>\n<td data-sheets-value=\"{&quot;1&quot;:2,&quot;2&quot;:&quot;Tu\u0161 drogerija Ljutomer&quot;}\">Tu\u0161 drogerija Ljutomer<\/td>\n<td data-sheets-value=\"{&quot;1&quot;:2,&quot;2&quot;:&quot;08:00-20:00&quot;}\">8:00-20:00<\/td>\n<td data-sheets-value=\"{&quot;1&quot;:2,&quot;2&quot;:&quot;8.00-17.00&quot;}\">8.00-17.00<\/td>\n<\/tr>\n<tr>\n<td data-sheets-value=\"{&quot;1&quot;:2,&quot;2&quot;:&quot;Tu\u0161 drogerija Beltinci&quot;}\">Tu\u0161 drogerija Beltinci<\/td>\n<td data-sheets-value=\"{&quot;1&quot;:2,&quot;2&quot;:&quot;08:00-20:00&quot;}\">8:00-20:00<\/td>\n<td data-sheets-value=\"{&quot;1&quot;:2,&quot;2&quot;:&quot;8.00-17.00&quot;}\">8.00-17.00<\/td>\n<\/tr>\n<tr>\n<td data-sheets-value=\"{&quot;1&quot;:2,&quot;2&quot;:&quot;Tu\u0161 drogerija Sevnica&quot;}\">Tu\u0161 drogerija Sevnica<\/td>\n<td data-sheets-value=\"{&quot;1&quot;:2,&quot;2&quot;:&quot;7.00-19.00&quot;}\">7.00-19.00<\/td>\n<td data-sheets-value=\"{&quot;1&quot;:2,&quot;2&quot;:&quot;8.00-13.00&quot;}\">8.00-13.00<\/td>\n<\/tr>\n<tr>\n<td data-sheets-value=\"{&quot;1&quot;:2,&quot;2&quot;:&quot;Tu\u0161 drogerija Maribor Planet&quot;}\">Tu\u0161 drogerija Maribor Planet<\/td>\n<td data-sheets-value=\"{&quot;1&quot;:2,&quot;2&quot;:&quot;8.00-21.00&quot;}\">8.00-21.00<\/td>\n<td data-sheets-value=\"{&quot;1&quot;:2,&quot;2&quot;:&quot;8.00-21.00&quot;}\">8.00-21.00<\/td>\n<\/tr>\n<tr>\n<td data-sheets-value=\"{&quot;1&quot;:2,&quot;2&quot;:&quot;Tu\u0161 drogerija Tr\u017ei\u010d&quot;}\">Tu\u0161 drogerija Tr\u017ei\u010d<\/td>\n<td data-sheets-value=\"{&quot;1&quot;:2,&quot;2&quot;:&quot;8.00-20.00&quot;}\">8.00-20.00<\/td>\n<td data-sheets-value=\"{&quot;1&quot;:2,&quot;2&quot;:&quot;8.00-17.00&quot;}\">8.00-17.00<\/td>\n<\/tr>\n<tr>\n<td data-sheets-value=\"{&quot;1&quot;:2,&quot;2&quot;:&quot;Tu\u0161 drogerija Ormo\u017e&quot;}\">Tu\u0161 drogerija Ormo\u017e<\/td>\n<td data-sheets-value=\"{&quot;1&quot;:2,&quot;2&quot;:&quot;8.00-20.00&quot;}\">8.00-20.00<\/td>\n<td data-sheets-value=\"{&quot;1&quot;:2,&quot;2&quot;:&quot;8.00-17.00&quot;}\">8.00-17.00<\/td>\n<\/tr>\n<tr>\n<td data-sheets-value=\"{&quot;1&quot;:2,&quot;2&quot;:&quot;Tu\u0161 drogerija Kranj Planet&quot;}\">Tu\u0161 drogerija Kranj Planet<\/td>\n<td data-sheets-value=\"{&quot;1&quot;:2,&quot;2&quot;:&quot;8.00-20.00 &quot;}\">8.00-20.00<\/td>\n<td data-sheets-value=\"{&quot;1&quot;:2,&quot;2&quot;:&quot;8.00-20.00&quot;}\">8.00-20.00<\/td>\n<\/tr>\n<tr>\n<td data-sheets-value=\"{&quot;1&quot;:2,&quot;2&quot;:&quot;Tu\u0161 drogerija Ra\u010de&quot;}\">Tu\u0161 drogerija Ra\u010de<\/td>\n<td data-sheets-value=\"{&quot;1&quot;:2,&quot;2&quot;:&quot;8.00-20.00&quot;}\">8.00-20.00<\/td>\n<td data-sheets-value=\"{&quot;1&quot;:2,&quot;2&quot;:&quot;8.00-13.00&quot;}\">8.00-13.00<\/td>\n<\/tr>\n<tr>\n<td data-sheets-value=\"{&quot;1&quot;:2,&quot;2&quot;:&quot;Tu\u0161 drogerija Slovenska Bistrica&quot;}\">Tu\u0161 drogerija Slovenska Bistrica<\/td>\n<td data-sheets-value=\"{&quot;1&quot;:2,&quot;2&quot;:&quot;8.00-20.00&quot;}\">8.00-20.00<\/td>\n<td data-sheets-value=\"{&quot;1&quot;:2,&quot;2&quot;:&quot;8.00-20.00&quot;}\">8.00-20.00<\/td>\n<\/tr>\n<tr>\n<td data-sheets-value=\"{&quot;1&quot;:2,&quot;2&quot;:&quot;Drogerija Tu\u0161 Ptuj - Puhova&quot;}\">Drogerija Tu\u0161 Ptuj - Puhova<\/td>\n<td data-sheets-value=\"{&quot;1&quot;:2,&quot;2&quot;:&quot;8.00-20.00&quot;}\">8.00-20.00<\/td>\n<td data-sheets-value=\"{&quot;1&quot;:2,&quot;2&quot;:&quot;8.00-20.00&quot;}\">8.00-20.00<\/td>\n<\/tr>\n<tr>\n<td data-sheets-value=\"{&quot;1&quot;:2,&quot;2&quot;:&quot;Tu\u0161 drogerija Roga\u0161ka Slatina&quot;}\">Tu\u0161 drogerija Roga\u0161ka Slatina<\/td>\n<td data-sheets-value=\"{&quot;1&quot;:2,&quot;2&quot;:&quot;8.00-20.00&quot;}\">8.00-20.00<\/td>\n<td data-sheets-value=\"{&quot;1&quot;:2,&quot;2&quot;:&quot;8.00-17.00&quot;}\">8.00-17.00<\/td>\n<\/tr>\n<tr>\n<td data-sheets-value=\"{&quot;1&quot;:2,&quot;2&quot;:&quot;Tu\u0161 drogerija Murska Sobota maximus&quot;}\">Tu\u0161 drogerija Murska Sobota maximus<\/td>\n<td data-sheets-value=\"{&quot;1&quot;:2,&quot;2&quot;:&quot;8.00-20.00&quot;}\">8.00-20.00<\/td>\n<td data-sheets-value=\"{&quot;1&quot;:2,&quot;2&quot;:&quot;8.00-20.00&quot;}\">8.00-20.00<\/td>\n<\/tr>\n<tr>\n<td data-sheets-value=\"{&quot;1&quot;:2,&quot;2&quot;:&quot;Tu\u0161 drogerija Lenart&quot;}\">Tu\u0161 drogerija Lenart<\/td>\n<td data-sheets-value=\"{&quot;1&quot;:2,&quot;2&quot;:&quot;8.00-20.00&quot;}\">8.00-20.00<\/td>\n<td data-sheets-value=\"{&quot;1&quot;:2,&quot;2&quot;:&quot;8.00-15.00&quot;}\">8.00-15.00<\/td>\n<\/tr>\n<tr>\n<td data-sheets-value=\"{&quot;1&quot;:2,&quot;2&quot;:&quot;Tu\u0161 drogerija Kranj&quot;}\">Tu\u0161 drogerija Kranj<\/td>\n<td data-sheets-value=\"{&quot;1&quot;:2,&quot;2&quot;:&quot;8.00-20.00&quot;}\">8.00-20.00<\/td>\n<td data-sheets-value=\"{&quot;1&quot;:2,&quot;2&quot;:&quot;8.00-13.00&quot;}\">8.00-13.00<\/td>\n<\/tr>\n<tr>\n<td data-sheets-value=\"{&quot;1&quot;:2,&quot;2&quot;:&quot;Tu\u0161 drogerija Maribor Radvanje&quot;}\">Tu\u0161 drogerija Maribor Radvanje<\/td>\n<td data-sheets-value=\"{&quot;1&quot;:2,&quot;2&quot;:&quot;8.00-20.00&quot;}\">8.00-20.00<\/td>\n<td data-sheets-value=\"{&quot;1&quot;:2,&quot;2&quot;:&quot;8.00-20.00&quot;}\">8.00-20.00<\/td>\n<\/tr>\n<tr>\n<td data-sheets-value=\"{&quot;1&quot;:2,&quot;2&quot;:&quot;Tu\u0161 drogerija Trbovlje&quot;}\">Tu\u0161 drogerija Trbovlje<\/td>\n<td data-sheets-value=\"{&quot;1&quot;:2,&quot;2&quot;:&quot;8.00-20.00&quot;}\">8.00-20.00<\/td>\n<td data-sheets-value=\"{&quot;1&quot;:2,&quot;2&quot;:&quot;8.00-13.00&quot;}\">8.00-13.00<\/td>\n<\/tr>\n<tr>\n<td data-sheets-value=\"{&quot;1&quot;:2,&quot;2&quot;:&quot;Tu\u0161 drogerija Jesenice&quot;}\">Tu\u0161 drogerija Jesenice<\/td>\n<td data-sheets-value=\"{&quot;1&quot;:2,&quot;2&quot;:&quot;8.00-20.00&quot;}\">8.00-20.00<\/td>\n<td data-sheets-value=\"{&quot;1&quot;:2,&quot;2&quot;:&quot;8.00-14.00&quot;}\">8.00-14.00<\/td>\n<\/tr>\n<tr>\n<td data-sheets-value=\"{&quot;1&quot;:2,&quot;2&quot;:&quot;Tu\u0161 drogerija Zagorje&quot;}\">Tu\u0161 drogerija Zagorje<\/td>\n<td data-sheets-value=\"{&quot;1&quot;:2,&quot;2&quot;:&quot;8.00-20.00&quot;}\">8.00-20.00<\/td>\n<td data-sheets-value=\"{&quot;1&quot;:2,&quot;2&quot;:&quot;8.00-13.00&quot;}\">8.00-13.00<\/td>\n<\/tr>\n<tr>\n<td data-sheets-value=\"{&quot;1&quot;:2,&quot;2&quot;:&quot;Tu\u0161 drogerija Litija&quot;}\">Tu\u0161 drogerija Litija<\/td>\n<td data-sheets-value=\"{&quot;1&quot;:2,&quot;2&quot;:&quot;8.00-20.00&quot;}\">8.00-20.00<\/td>\n<td data-sheets-value=\"{&quot;1&quot;:2,&quot;2&quot;:&quot;8.00-13.00&quot;}\">8.00-13.00<\/td>\n<\/tr>\n<tr>\n<td data-sheets-value=\"{&quot;1&quot;:2,&quot;2&quot;:&quot;Tu\u0161 drogerija Ravne na Koro\u0161kem&quot;}\">Tu\u0161 drogerija Ravne na Koro\u0161kem<\/td>\n<td data-sheets-value=\"{&quot;1&quot;:2,&quot;2&quot;:&quot;8.00-20.00&quot;}\">8.00-20.00<\/td>\n<td data-sheets-value=\"{&quot;1&quot;:2,&quot;2&quot;:&quot;8.00-14.00&quot;}\">8.00-14.00<\/td>\n<\/tr>\n<tr>\n<td data-sheets-value=\"{&quot;1&quot;:2,&quot;2&quot;:&quot;Tu\u0161 drogerija Kr\u0161ko&quot;}\">Tu\u0161 drogerija Kr\u0161ko<\/td>\n<td data-sheets-value=\"{&quot;1&quot;:2,&quot;2&quot;:&quot;8.00-20.00&quot;}\">8.00-20.00<\/td>\n<td data-sheets-value=\"{&quot;1&quot;:2,&quot;2&quot;:&quot;8.00-14.00&quot;}\">8.00-14.00<\/td>\n<\/tr>\n<\/tbody>\n<\/table>\n<p>&nbsp;<\/p><\/div><\/div><\/div><\/div><\/div><\/div><\/div><\/div><div class=\"vce-row-container\"><div class=\"vce-row vce-row--col-gap-30 vce-row-columns--top vce-row-content--top\" id=\"el-637c3fe3\" data-vce-do-apply=\"all el-637c3fe3\"><div class=\"vce-row-content\" data-vce-element-content=\"true\"><div class=\"vce-col vce-col--md-auto vce-col--xs-1 vce-col--xs-last vce-col--xs-first vce-col--sm-last vce-col--sm-first vce-col--md-last vce-col--lg-last vce-col--xl-last vce-col--md-first vce-col--lg-first vce-col--xl-first\" id=\"el-55d8d2c1\"><div class=\"vce-col-inner\" data-vce-do-apply=\"border margin background  el-55d8d2c1\"><div class=\"vce-col-content\" data-vce-element-content=\"true\" data-vce-do-apply=\"padding el-55d8d2c1\"><div class=\"vce-text-block\"><div class=\"vce-text-block-wrapper vce\" id=\"el-e2d6de29\" data-vce-do-apply=\"all el-e2d6de29\"><h2 style=\"margin-bottom: 0.79cm;\"><span style=\"display: inline-block; border: none; padding: 0cm;\">Priporo\u010dila<\/span><\/h2><p style=\"font-size: 14px; font-weight: 400;\"><span style=\"font-size: 12pt;\">Spo\u0161tovane kupce vljudno prosimo, da ob obisku na\u0161ih drogerij zavoljo lastne varnosti in varnosti na\u0161ih zaposlenih zares <strong>dosledno sledijo spodnjim navodilom:<\/strong><\/span><\/p><\/div><\/div><\/div><\/div><\/div><\/div><\/div><\/div><div class=\"vce-row-container\"><div class=\"vce-row vce-row--col-gap-30 vce-row-columns--top vce-row-content--top\" id=\"el-c064fb7f\" data-vce-do-apply=\"all el-c064fb7f\"><div class=\"vce-row-content\" data-vce-element-content=\"true\"><div class=\"vce-col vce-col--md-auto vce-col--xs-1 vce-col--xs-last vce-col--xs-first vce-col--sm-last vce-col--sm-first vce-col--md-last vce-col--lg-last vce-col--xl-last vce-col--md-first vce-col--lg-first vce-col--xl-first\" id=\"el-424f6365\"><div class=\"vce-col-inner\" data-vce-do-apply=\"border margin background  el-424f6365\"><div class=\"vce-col-content\" data-vce-element-content=\"true\" data-vce-do-apply=\"padding el-424f6365\"><div class=\"vce-single-image-container vce-single-image--align-center\"><div class=\"vce vce-single-image-wrapper\" id=\"el-f695194d\" data-vce-do-apply=\"all el-f695194d\"><figure><div class=\"vce-single-image-inner vce-single-image--absolute\" style=\"padding-bottom: 50%; width: 1200px;\"><img class=\"vce-single-image\" src=\"https:\/\/www.tus.si\/app\/uploads\/sites\/4\/2020\/03\/1.-Pred-vstopom-v-drogerijo-samoiniciativno-poskrbite-za-lastno-za\u0161\u010dito-in-higieno.-2.-Upo\u0161tevajte-razdaljo-2-metra-od-ostalih-kupcev.-3.-\u010ce-je-le-mogo\u010de-za-pla\u010devanje-uporabite-ban\u010dno-kartico..png\" data-img-src=\"https:\/\/www.tus.si\/app\/uploads\/sites\/4\/2020\/03\/1.-Pred-vstopom-v-drogerijo-samoiniciativno-poskrbite-za-lastno-za\u0161\u010dito-in-higieno.-2.-Upo\u0161tevajte-razdaljo-2-metra-od-ostalih-kupcev.-3.-\u010ce-je-le-mogo\u010de-za-pla\u010devanje-uporabite-ban\u010dno-kartico..png\" alt=\"\" title=\"1. Pred vstopom v drogerijo samoiniciativno poskrbite za lastno za\u0161\u010dito in higieno. 2. Upo\u0161tevajte razdaljo 2 metra od ostalih kupcev. 3. \u010ce je le mogo\u010de, za pla\u010devanje uporabite ban\u010dno kartico.\"><\/div><\/figure><\/div><\/div><div class=\"vce-text-block\"><div class=\"vce-text-block-wrapper vce\" id=\"el-3536950e\" data-vce-do-apply=\"all el-3536950e\"><p style=\"font-size: 14px; font-weight: 400;\"><span style=\"font-size: 12pt;\">Zahvaljujemo se vam za va\u0161e razumevanje, strpnost in solidarnost, ki jo izkazujete v teh trenutkih. Za vas se bomo trudili \u0161e naprej. Ostanite zdravi in \u010de je le mogo\u010de #OSTANITEDOMA.<\/span><\/p><\/div><\/div><\/div><\/div><\/div><\/div><\/div><\/div>\n","protected":false},"excerpt":{"rendered":"<p>Spo\u0161tovani kupci,&nbsp; Tu\u0161 drogerije se trudimo, da vam tudi v teh trenutkih stojimo ob strani in se vam zahvaljujemo za vso izkazano zaupanje, skrb in potrpe\u017eljivost. &nbsp; Hkrati pa vam sporo\u010damo, da bodo na\u0161e drogerije do nadaljnjega delovale po spremenjenih delovnih \u010dasih, ki so navedeni spodaj.&nbsp; &nbsp; Pazite nase. &nbsp; &hellip; <a href=\"https:\/\/www.tus.si\/drogerija\/tu-smo-za-vas\/\">Ve\u010d<\/a><\/p>\n","protected":false},"author":116,"featured_media":0,"parent":0,"menu_order":0,"comment_status":"closed","ping_status":"closed","template":"","meta":[],"acf":[],"_links":{"self":[{"href":"https:\/\/www.tus.si\/drogerija\/wp-json\/wp\/v2\/pages\/39690"}],"collection":[{"href":"https:\/\/www.tus.si\/drogerija\/wp-json\/wp\/v2\/pages"}],"about":[{"href":"https:\/\/www.tus.si\/drogerija\/wp-json\/wp\/v2\/types\/page"}],"author":[{"embeddable":true,"href":"https:\/\/www.tus.si\/drogerija\/wp-json\/wp\/v2\/users\/116"}],"replies":[{"embeddable":true,"href":"https:\/\/www.tus.si\/drogerija\/wp-json\/wp\/v2\/comments?post=39690"}],"version-history":[{"count":44,"href":"https:\/\/www.tus.si\/drogerija\/wp-json\/wp\/v2\/pages\/39690\/revisions"}],"predecessor-version":[{"id":43189,"href":"https:\/\/www.tus.si\/drogerija\/wp-json\/wp\/v2\/pages\/39690\/revisions\/43189"}],"wp:attachment":[{"href":"https:\/\/www.tus.si\/drogerija\/wp-json\/wp\/v2\/media?parent=39690"}],"curies":[{"name":"wp","href":"https:\/\/api.w.org\/{rel}","templated":true}]}}